{"id":15,"date":"2022-01-19T11:24:29","date_gmt":"2022-01-19T10:24:29","guid":{"rendered":"http:\/\/smf.technology\/?page_id=15"},"modified":"2026-02-18T11:39:16","modified_gmt":"2026-02-18T10:39:16","slug":"home","status":"publish","type":"page","link":"https:\/\/smf.technology\/","title":{"rendered":"Home"},"content":{"rendered":"\n<section class=\"smf-hero\">\n  <div class=\"smf-overlay\"><\/div>\n  <div class=\"smf-hero-content\">\n    <h1>Zaawansowane maszyny do wydmuchu butelek PET<\/h1>\n    <p>Technologia \u2022 Precyzja \u2022 Wydajno\u015b\u0107<\/p>\n    <a href=\"#oferta\" class=\"smf-btn\">Poznaj ofert\u0119<\/a>\n  <\/div>\n<\/section>\n\n","protected":false},"excerpt":{"rendered":"<p>Zaawansowane maszyny do wydmuchu butelek PET Technologia \u2022 Precyzja \u2022 Wydajno\u015b\u0107 Poznaj ofert\u0119<\/p>\n","protected":false},"author":1,"featured_media":0,"parent":0,"menu_order":0,"comment_status":"closed","ping_status":"closed","template":"page-templates\/frontpage.php","meta":{"footnotes":""},"class_list":["post-15","page","type-page","status-publish","hentry"],"_links":{"self":[{"href":"https:\/\/smf.technology\/index.php?rest_route=\/wp\/v2\/pages\/15","targetHints":{"allow":["GET"]}}],"collection":[{"href":"https:\/\/smf.technology\/index.php?rest_route=\/wp\/v2\/pages"}],"about":[{"href":"https:\/\/smf.technology\/index.php?rest_route=\/wp\/v2\/types\/page"}],"author":[{"embeddable":true,"href":"https:\/\/smf.technology\/index.php?rest_route=\/wp\/v2\/users\/1"}],"replies":[{"embeddable":true,"href":"https:\/\/smf.technology\/index.php?rest_route=%2Fwp%2Fv2%2Fcomments&post=15"}],"version-history":[{"count":1,"href":"https:\/\/smf.technology\/index.php?rest_route=\/wp\/v2\/pages\/15\/revisions"}],"predecessor-version":[{"id":65,"href":"https:\/\/smf.technology\/index.php?rest_route=\/wp\/v2\/pages\/15\/revisions\/65"}],"wp:attachment":[{"href":"https:\/\/smf.technology\/index.php?rest_route=%2Fwp%2Fv2%2Fmedia&parent=15"}],"curies":[{"name":"wp","href":"https:\/\/api.w.org\/{rel}","templated":true}]}}